{"id":3524,"date":"2025-10-01T12:00:01","date_gmt":"2025-10-01T10:00:01","guid":{"rendered":"https:\/\/lamasseria.es\/politica-de-privacidad\/"},"modified":"2025-10-03T00:06:32","modified_gmt":"2025-10-02T22:06:32","slug":"datenschutzerklaerung","status":"publish","type":"page","link":"https:\/\/lamasseria.es\/de\/datenschutzerklaerung\/","title":{"rendered":"Datenschutzerkl\u00e4rung"},"content":{"rendered":"\t\t<div data-elementor-type=\"wp-post\" data-elementor-id=\"3524\" class=\"elementor elementor-3524 elementor-2948\" data-elementor-post-type=\"page\">\n\t\t\t\t\t\t<section class=\"elementor-section elementor-top-section elementor-element elementor-element-3a3dbfdc elementor-section-height-min-height elementor-section-boxed elementor-section-height-default elementor-section-items-middle\" data-id=\"3a3dbfdc\" data-element_type=\"section\" data-e-type=\"section\" data-settings=\"{&quot;background_background&quot;:&quot;classic&quot;}\">\n\t\t\t\t\t\t\t<div class=\"elementor-background-overlay\"><\/div>\n\t\t\t\t\t\t\t<div class=\"elementor-container elementor-column-gap-no\">\n\t\t\t\t\t<div class=\"elementor-column elementor-col-100 elementor-top-column elementor-element elementor-element-4c5df985\" data-id=\"4c5df985\" data-element_type=\"column\" data-e-type=\"column\" data-settings=\"{&quot;background_background&quot;:&quot;classic&quot;}\">\n\t\t\t<div class=\"elementor-widget-wrap elementor-element-populated\">\n\t\t\t\t\t<div class=\"elementor-background-overlay\"><\/div>\n\t\t\t\t\t\t<div class=\"elementor-element elementor-element-183d769c elementor-widget elementor-widget-heading\" data-id=\"183d769c\" data-element_type=\"widget\" data-e-type=\"widget\" data-widget_type=\"heading.default\">\n\t\t\t\t<div class=\"elementor-widget-container\">\n\t\t\t\t\t<h5 class=\"elementor-heading-title elementor-size-default\">WILLKOMMEN IN DER MASSERIA<\/h5>\t\t\t\t<\/div>\n\t\t\t\t<\/div>\n\t\t\t\t<div class=\"elementor-element elementor-element-32902457 elementor-widget elementor-widget-heading\" data-id=\"32902457\" data-element_type=\"widget\" data-e-type=\"widget\" data-widget_type=\"heading.default\">\n\t\t\t\t<div class=\"elementor-widget-container\">\n\t\t\t\t\t<h1 class=\"elementor-heading-title elementor-size-default\">Datenschutzerkl\u00e4rung\n<\/h1>\t\t\t\t<\/div>\n\t\t\t\t<\/div>\n\t\t\t\t<div class=\"elementor-element elementor-element-539c885 elementor-align-center elementor-widget elementor-widget-button\" data-id=\"539c885\" data-element_type=\"widget\" data-e-type=\"widget\" data-widget_type=\"button.default\">\n\t\t\t\t<div class=\"elementor-widget-container\">\n\t\t\t\t\t\t\t\t\t<div class=\"elementor-button-wrapper\">\n\t\t\t\t\t<a class=\"elementor-button elementor-button-link elementor-size-sm\" href=\"https:\/\/r.qamarero.com\/restaurante-la-masseria?mode=LOCAL\" target=\"_blank\" rel=\"noopener\">\n\t\t\t\t\t\t<span class=\"elementor-button-content-wrapper\">\n\t\t\t\t\t\t\t\t\t<span class=\"elementor-button-text\">Entdecke unser men\u00fc<\/span>\n\t\t\t\t\t<\/span>\n\t\t\t\t\t<\/a>\n\t\t\t\t<\/div>\n\t\t\t\t\t\t\t\t<\/div>\n\t\t\t\t<\/div>\n\t\t\t\t\t<\/div>\n\t\t<\/div>\n\t\t\t\t\t<\/div>\n\t\t<\/section>\n\t\t\t\t<section class=\"elementor-section elementor-top-section elementor-element elementor-element-166f2816 elementor-section-boxed elementor-section-height-default elementor-section-height-default\" data-id=\"166f2816\" data-element_type=\"section\" data-e-type=\"section\" data-settings=\"{&quot;background_background&quot;:&quot;classic&quot;}\">\n\t\t\t\t\t\t<div class=\"elementor-container elementor-column-gap-no\">\n\t\t\t\t\t<div class=\"elementor-column elementor-col-100 elementor-top-column elementor-element elementor-element-31e3d142\" data-id=\"31e3d142\" data-element_type=\"column\" data-e-type=\"column\">\n\t\t\t<div class=\"elementor-widget-wrap elementor-element-populated\">\n\t\t\t\t\t\t<div class=\"elementor-element elementor-element-1d32aa6c elementor-widget elementor-widget-spacer\" data-id=\"1d32aa6c\" data-element_type=\"widget\" data-e-type=\"widget\" data-widget_type=\"spacer.default\">\n\t\t\t\t<div class=\"elementor-widget-container\">\n\t\t\t\t\t\t\t<div class=\"elementor-spacer\">\n\t\t\t<div class=\"elementor-spacer-inner\"><\/div>\n\t\t<\/div>\n\t\t\t\t\t\t<\/div>\n\t\t\t\t<\/div>\n\t\t\t\t\t<\/div>\n\t\t<\/div>\n\t\t\t\t\t<\/div>\n\t\t<\/section>\n\t\t\t\t<section class=\"elementor-section elementor-top-section elementor-element elementor-element-a93b929 elementor-section-boxed elementor-section-height-default elementor-section-height-default\" data-id=\"a93b929\" data-element_type=\"section\" data-e-type=\"section\">\n\t\t\t\t\t\t<div class=\"elementor-container elementor-column-gap-default\">\n\t\t\t\t\t<div class=\"elementor-column elementor-col-100 elementor-top-column elementor-element elementor-element-dbf3087\" data-id=\"dbf3087\" data-element_type=\"column\" data-e-type=\"column\">\n\t\t\t<div class=\"elementor-widget-wrap elementor-element-populated\">\n\t\t\t\t\t\t<div class=\"elementor-element elementor-element-e951a93 elementor-widget elementor-widget-text-editor\" data-id=\"e951a93\" data-element_type=\"widget\" data-e-type=\"widget\" data-widget_type=\"text-editor.default\">\n\t\t\t\t<div class=\"elementor-widget-container\">\n\t\t\t\t\t\t\t\t\t<div class=\"row\">\n  <div class=\"col-xl-10 mx-auto\">\n    <div class=\"paper\">\n      <header class=\"text-center\">\n        <h4><span class=\"blanc-space ng-binding\">lamasseria.es<\/span><\/h4>\n      <\/header>\n      <div>\n        <h3>I. DATENSCHUTZRICHTLINIE UND DATENSCHUTZ<\/h3>\n        Unter Beachtung der geltenden Rechtsvorschriften verpflichtet sich <span class=\"blanc-space ng-binding\">La Masser\u00eda<\/span> (im Folgenden auch \u201eWebsite\u201c genannt), die notwendigen technischen und organisatorischen Ma\u00dfnahmen zu ergreifen, die dem Risiko der erhobenen Daten entsprechen.  \n\n        <h4>Gesetze, die diese Datenschutzrichtlinie umfasst<\/h4>\n        Diese Datenschutzrichtlinie ist an die geltenden spanischen und europ\u00e4ischen Vorschriften zum Schutz personenbezogener Daten im Internet angepasst. Insbesondere entspricht sie den folgenden Vorschriften:  \n        <ul>\n          <li>Verordnung (EU) 2016\/679 des Europ\u00e4ischen Parlaments und des Rates vom 27. April 2016 (DSGVO).<\/li>\n          <li>Organisches Gesetz 3\/2018 vom 5. Dezember \u00fcber den Schutz personenbezogener Daten und die Garantie digitaler Rechte (LOPD-GDD).<\/li>\n          <li>K\u00f6niglicher Erlass 1720\/2007 vom 21. Dezember, zur Durchf\u00fchrung des Gesetzes 15\/1999 \u00fcber den Schutz personenbezogener Daten (RDLOPD).<\/li>\n          <li>Gesetz 34\/2002 vom 11. Juli \u00fcber Dienste der Informationsgesellschaft und elektronischen Gesch\u00e4ftsverkehr (LSSI-CE).<\/li>\n        <\/ul>\n\n        <h4>Identit\u00e4t des Verantwortlichen f\u00fcr die Datenverarbeitung<\/h4>\n        Verantwortlich f\u00fcr die Verarbeitung der auf <span class=\"blanc-space ng-binding\">La Masser\u00eda<\/span> erhobenen personenbezogenen Daten ist:  \n        <span class=\"blanc-space ng-binding\">Victor Manuel Palacio L\u00f3pez<\/span>, NIF: <span class=\"blanc-space ng-binding\">52585439X<\/span> (im Folgenden \u201eVerantwortlicher\u201c).  \n\n        Anschrift: <span class=\"blanc-space ng-binding\">Paseo Mar\u00edtimo de Pte., 46, 29740 Torre del Mar, M\u00e1laga<\/span><br>\n        Telefon: <span class=\"blanc-space ng-binding\">664 85 68 47<\/span><br>\n        E-Mail: <span class=\"blanc-space ng-binding\">lamasseriatorredelmar@gmail.com<\/span>\n\n        <h4>Grunds\u00e4tze der Verarbeitung personenbezogener Daten<\/h4>\n        Die Verarbeitung personenbezogener Daten des Nutzers unterliegt den in Art. 5 DSGVO sowie Art. 4 ff. LOPD-GDD niedergelegten Grunds\u00e4tzen:  \n        <ul>\n          <li>Rechtm\u00e4\u00dfigkeit, Verarbeitung nach Treu und Glauben und Transparenz<\/li>\n          <li>Zweckbindung<\/li>\n          <li>Datenminimierung<\/li>\n          <li>Richtigkeit<\/li>\n          <li>Speicherbegrenzung<\/li>\n          <li>Integrit\u00e4t und Vertraulichkeit<\/li>\n          <li>Rechenschaftspflicht<\/li>\n        <\/ul>\n\n        <h4>Kategorien personenbezogener Daten<\/h4>\n        Es werden ausschlie\u00dflich Identifikationsdaten verarbeitet. Besondere Kategorien personenbezogener Daten im Sinne von Art. 9 DSGVO werden nicht verarbeitet.  \n\n        <h4>Rechtsgrundlage f\u00fcr die Verarbeitung<\/h4>\n        Die Rechtsgrundlage ist die Einwilligung des Nutzers. Diese kann jederzeit widerrufen werden.  \n\n        <h4>Zwecke der Datenverarbeitung<\/h4>\n        Erhebung und Verwaltung personenbezogener Daten dienen der Erf\u00fcllung vertraglicher Verpflichtungen, Bearbeitung von Anfragen sowie ggf. kommerziellen Zwecken (z. B. Marketing, Statistiken).  \n\n        <h4>Speicherdauer<\/h4>\n        Die Daten werden f\u00fcr maximal <span class=\"blanc-space ng-binding\">18 Monate<\/span> gespeichert oder bis der Nutzer deren L\u00f6schung verlangt.  \n\n        <h4>Empf\u00e4nger<\/h4>\n        Daten k\u00f6nnen an Dritte \u00fcbermittelt werden, falls dies f\u00fcr die Erf\u00fcllung des Verarbeitungszwecks erforderlich ist oder eine gesetzliche Verpflichtung besteht.  \n\n        <h4>Daten Minderj\u00e4hriger<\/h4>\n        Nur Personen ab 14 Jahren d\u00fcrfen ihre Einwilligung erteilen. J\u00fcngere Nutzer ben\u00f6tigen die Zustimmung ihrer Eltern oder Erziehungsberechtigten.  \n\n        <h4>Datensicherheit<\/h4>\n        <span class=\"blanc-space ng-binding\">La Masser\u00eda<\/span> setzt angemessene technische Ma\u00dfnahmen ein (u. a. SSL-Verschl\u00fcsselung). Dennoch kann die absolute Sicherheit im Internet nicht garantiert werden.  \n\n        <h4>Rechte der Nutzer<\/h4>\n        Nutzer haben folgende Rechte:  \n        <ul>\n          <li>Auskunft (Art. 15 DSGVO)<\/li>\n          <li>Berichtigung (Art. 16 DSGVO)<\/li>\n          <li>L\u00f6schung \/ \u201eRecht auf Vergessenwerden\u201c (Art. 17 DSGVO)<\/li>\n          <li>Einschr\u00e4nkung der Verarbeitung (Art. 18 DSGVO)<\/li>\n          <li>Daten\u00fcbertragbarkeit (Art. 20 DSGVO)<\/li>\n          <li>Widerspruch (Art. 21 DSGVO)<\/li>\n          <li>Nicht ausschlie\u00dflich automatisierte Entscheidungen (Art. 22 DSGVO)<\/li>\n        <\/ul>\n        Diese Rechte k\u00f6nnen per Post oder E-Mail geltend gemacht werden:  \n        <br>\n        Adresse: <span class=\"blanc-space ng-binding\">Paseo Mar\u00edtimo de Pte., 46, 29740 Torre del Mar, M\u00e1laga<\/span><br>\n        E-Mail: <span class=\"blanc-space ng-binding\">lamasseriatorredelmar@gmail.com<\/span>\n\n        <h4>Beschwerden<\/h4>\n        Bei Verst\u00f6\u00dfen gegen den Datenschutz hat der Nutzer das Recht, eine Beschwerde bei der zust\u00e4ndigen Aufsichtsbeh\u00f6rde einzureichen. In Spanien ist dies die Agencia Espa\u00f1ola de Protecci\u00f3n de Datos (<a href=\"https:\/\/www.aepd.es\/\" target=\"_blank\" rel=\"noopener\">https:\/\/www.aepd.es\/<\/a>).  \n\n        <h3>II. ANNAHME UND \u00c4NDERUNGEN DER DATENSCHUTZRICHTLINIE<\/h3>\n        Mit der Nutzung der Website akzeptiert der Nutzer die Datenschutzrichtlinie.  \n        <span class=\"blanc-space ng-binding\">La Masser\u00eda<\/span> beh\u00e4lt sich das Recht vor, diese Richtlinie jederzeit zu \u00e4ndern. \u00c4nderungen treten mit Ver\u00f6ffentlichung auf der Website in Kraft.  \n\n      <\/div>\n    <\/div>\n  <\/div>\n<\/div>\n\t\t\t\t\t\t\t\t<\/div>\n\t\t\t\t<\/div>\n\t\t\t\t\t<\/div>\n\t\t<\/div>\n\t\t\t\t\t<\/div>\n\t\t<\/section>\n\t\t\t\t<\/div>\n\t\t","protected":false},"excerpt":{"rendered":"<p>WILLKOMMEN IN DER MASSERIA Datenschutzerkl\u00e4rung Entdecke unser men\u00fc lamasseria.es I. DATENSCHUTZRICHTLINIE UND DATENSCHUTZ Unter Beachtung der geltenden Rechtsvorschriften verpflichtet sich La Masser\u00eda (im Folgenden auch \u201eWebsite\u201c genannt), die notwendigen technischen und organisatorischen Ma\u00dfnahmen zu ergreifen, die dem Risiko der erhobenen Daten entsprechen. Gesetze, die diese Datenschutzrichtlinie umfasst Diese Datenschutzrichtlinie ist an die geltenden spanischen und [&hellip;]<\/p>\n","protected":false},"author":1,"featured_media":0,"parent":0,"menu_order":0,"comment_status":"closed","ping_status":"closed","template":"","meta":{"_joinchat":[],"footnotes":""},"class_list":["post-3524","page","type-page","status-publish","hentry"],"_links":{"self":[{"href":"https:\/\/lamasseria.es\/de\/wp-json\/wp\/v2\/pages\/3524","targetHints":{"allow":["GET"]}}],"collection":[{"href":"https:\/\/lamasseria.es\/de\/wp-json\/wp\/v2\/pages"}],"about":[{"href":"https:\/\/lamasseria.es\/de\/wp-json\/wp\/v2\/types\/page"}],"author":[{"embeddable":true,"href":"https:\/\/lamasseria.es\/de\/wp-json\/wp\/v2\/users\/1"}],"replies":[{"embeddable":true,"href":"https:\/\/lamasseria.es\/de\/wp-json\/wp\/v2\/comments?post=3524"}],"version-history":[{"count":5,"href":"https:\/\/lamasseria.es\/de\/wp-json\/wp\/v2\/pages\/3524\/revisions"}],"predecessor-version":[{"id":3530,"href":"https:\/\/lamasseria.es\/de\/wp-json\/wp\/v2\/pages\/3524\/revisions\/3530"}],"wp:attachment":[{"href":"https:\/\/lamasseria.es\/de\/wp-json\/wp\/v2\/media?parent=3524"}],"curies":[{"name":"wp","href":"https:\/\/api.w.org\/{rel}","templated":true}]}}