{"id":3510,"date":"2025-10-01T12:01:28","date_gmt":"2025-10-01T10:01:28","guid":{"rendered":"https:\/\/lamasseria.es\/declaracion-de-accesibilidad\/"},"modified":"2025-10-03T00:01:07","modified_gmt":"2025-10-02T22:01:07","slug":"barrierefreiheitserklaerung","status":"publish","type":"page","link":"https:\/\/lamasseria.es\/de\/barrierefreiheitserklaerung\/","title":{"rendered":"Barrierefreiheitserkl\u00e4rung"},"content":{"rendered":"\t\t<div data-elementor-type=\"wp-post\" data-elementor-id=\"3510\" class=\"elementor elementor-3510 elementor-2955\" data-elementor-post-type=\"page\">\n\t\t\t\t\t\t<section class=\"elementor-section elementor-top-section elementor-element elementor-element-3a3dbfdc elementor-section-height-min-height elementor-section-boxed elementor-section-height-default elementor-section-items-middle\" data-id=\"3a3dbfdc\" data-element_type=\"section\" data-e-type=\"section\" data-settings=\"{&quot;background_background&quot;:&quot;classic&quot;}\">\n\t\t\t\t\t\t\t<div class=\"elementor-background-overlay\"><\/div>\n\t\t\t\t\t\t\t<div class=\"elementor-container elementor-column-gap-no\">\n\t\t\t\t\t<div class=\"elementor-column elementor-col-100 elementor-top-column elementor-element elementor-element-4c5df985\" data-id=\"4c5df985\" data-element_type=\"column\" data-e-type=\"column\" data-settings=\"{&quot;background_background&quot;:&quot;classic&quot;}\">\n\t\t\t<div class=\"elementor-widget-wrap elementor-element-populated\">\n\t\t\t\t\t<div class=\"elementor-background-overlay\"><\/div>\n\t\t\t\t\t\t<div class=\"elementor-element elementor-element-183d769c elementor-widget elementor-widget-heading\" data-id=\"183d769c\" data-element_type=\"widget\" data-e-type=\"widget\" data-widget_type=\"heading.default\">\n\t\t\t\t<div class=\"elementor-widget-container\">\n\t\t\t\t\t<h5 class=\"elementor-heading-title elementor-size-default\">WILLKOMMEN IN DER MASSERIA<\/h5>\t\t\t\t<\/div>\n\t\t\t\t<\/div>\n\t\t\t\t<div class=\"elementor-element elementor-element-32902457 elementor-widget elementor-widget-heading\" data-id=\"32902457\" data-element_type=\"widget\" data-e-type=\"widget\" data-widget_type=\"heading.default\">\n\t\t\t\t<div class=\"elementor-widget-container\">\n\t\t\t\t\t<h1 class=\"elementor-heading-title elementor-size-default\">Barrierefreiheitserkl\u00e4rung<\/h1>\t\t\t\t<\/div>\n\t\t\t\t<\/div>\n\t\t\t\t<div class=\"elementor-element elementor-element-539c885 elementor-align-center elementor-widget elementor-widget-button\" data-id=\"539c885\" data-element_type=\"widget\" data-e-type=\"widget\" data-widget_type=\"button.default\">\n\t\t\t\t<div class=\"elementor-widget-container\">\n\t\t\t\t\t\t\t\t\t<div class=\"elementor-button-wrapper\">\n\t\t\t\t\t<a class=\"elementor-button elementor-button-link elementor-size-sm\" href=\"https:\/\/r.qamarero.com\/restaurante-la-masseria?mode=LOCAL\" target=\"_blank\" rel=\"noopener\">\n\t\t\t\t\t\t<span class=\"elementor-button-content-wrapper\">\n\t\t\t\t\t\t\t\t\t<span class=\"elementor-button-text\">Entdecke unser men\u00fc<\/span>\n\t\t\t\t\t<\/span>\n\t\t\t\t\t<\/a>\n\t\t\t\t<\/div>\n\t\t\t\t\t\t\t\t<\/div>\n\t\t\t\t<\/div>\n\t\t\t\t\t<\/div>\n\t\t<\/div>\n\t\t\t\t\t<\/div>\n\t\t<\/section>\n\t\t\t\t<section class=\"elementor-section elementor-top-section elementor-element elementor-element-166f2816 elementor-section-boxed elementor-section-height-default elementor-section-height-default\" data-id=\"166f2816\" data-element_type=\"section\" data-e-type=\"section\" data-settings=\"{&quot;background_background&quot;:&quot;classic&quot;}\">\n\t\t\t\t\t\t<div class=\"elementor-container elementor-column-gap-no\">\n\t\t\t\t\t<div class=\"elementor-column elementor-col-100 elementor-top-column elementor-element elementor-element-31e3d142\" data-id=\"31e3d142\" data-element_type=\"column\" data-e-type=\"column\">\n\t\t\t<div class=\"elementor-widget-wrap elementor-element-populated\">\n\t\t\t\t\t\t<div class=\"elementor-element elementor-element-1d32aa6c elementor-widget elementor-widget-spacer\" data-id=\"1d32aa6c\" data-element_type=\"widget\" data-e-type=\"widget\" data-widget_type=\"spacer.default\">\n\t\t\t\t<div class=\"elementor-widget-container\">\n\t\t\t\t\t\t\t<div class=\"elementor-spacer\">\n\t\t\t<div class=\"elementor-spacer-inner\"><\/div>\n\t\t<\/div>\n\t\t\t\t\t\t<\/div>\n\t\t\t\t<\/div>\n\t\t\t\t\t<\/div>\n\t\t<\/div>\n\t\t\t\t\t<\/div>\n\t\t<\/section>\n\t\t\t\t<section class=\"elementor-section elementor-top-section elementor-element elementor-element-a93b929 elementor-section-boxed elementor-section-height-default elementor-section-height-default\" data-id=\"a93b929\" data-element_type=\"section\" data-e-type=\"section\">\n\t\t\t\t\t\t<div class=\"elementor-container elementor-column-gap-default\">\n\t\t\t\t\t<div class=\"elementor-column elementor-col-100 elementor-top-column elementor-element elementor-element-dbf3087\" data-id=\"dbf3087\" data-element_type=\"column\" data-e-type=\"column\">\n\t\t\t<div class=\"elementor-widget-wrap elementor-element-populated\">\n\t\t\t\t\t\t<div class=\"elementor-element elementor-element-e951a93 elementor-widget elementor-widget-text-editor\" data-id=\"e951a93\" data-element_type=\"widget\" data-e-type=\"widget\" data-widget_type=\"text-editor.default\">\n\t\t\t\t<div class=\"elementor-widget-container\">\n\t\t\t\t\t\t\t\t\t<div class=\"row\">\n<div class=\"col col-xl-10 mx-auto\">\n<div class=\"paper\"><header class=\"text-center\">\n<div class=\"row\">\n<div class=\"col-xl-10 mx-auto\">\n<div class=\"paper\"><header class=\"text-center\">\n<h4><span class=\"blanc-space ng-binding\">lamasseria.es<\/span><\/h4>\n<\/header>\n<div>\n<h4>Erf\u00fcllungsstatus<\/h4>\n<span class=\"blanc-space ng-binding\">La Masseria<\/span> (im Folgenden auch Website genannt) ist teilweise konform mit dem K\u00f6niglichen Dekret 1112\/2018 vom 7. September aufgrund der nachfolgend aufgef\u00fchrten Punkte.\n<h4>Nicht barrierefreie Inhalte<\/h4>\nDie nachfolgenden Inhalte sind aus folgenden Gr\u00fcnden nicht barrierefrei:\n\n<strong>a. Nichtkonformit\u00e4t mit dem RD 1112\/2018:<\/strong><span class=\"\"> Nicht zutreffend. 100 % der Web-Barrierefreiheitskriterien werden erf\u00fcllt.<\/span>\n\n<strong>b. Unverh\u00e4ltnism\u00e4\u00dfige Belastung:<\/strong> Nicht zutreffend.\n\n<strong>c. Inhalte au\u00dferhalb des Geltungsbereichs der anwendbaren Gesetzgebung:<\/strong>\n<ul>\n \t<li>Es k\u00f6nnen Office-Dateien im PDF- oder anderen Formaten vorhanden sein, die vor dem 20. September 2018 ver\u00f6ffentlicht wurden und nicht vollst\u00e4ndig barrierefrei sind. Es wurde jedoch versucht, die meisten davon entsprechend anzupassen.<\/li>\n \t<li>Es k\u00f6nnen Inhalte von Dritten vorhanden sein, die nicht von dieser Einheit entwickelt oder kontrolliert wurden, wie Bilder, interaktive Karten, Videos, Dokumente, Player usw.<\/li>\n \t<li>Es k\u00f6nnen vor dem 20. September 2018 ver\u00f6ffentlichte voraufgezeichnete Dateien vorhanden sein, die nicht vollst\u00e4ndig barrierefrei sind.<\/li>\n \t<li>Teile oder die gesamte Website k\u00f6nnen mit einem CMS (WordPress, Shopify, PrestaShop usw.) erstellt sein. Durch Aktualisierungen oder \u00c4nderungen kann es sein, dass nicht alle generierten Inhalte den Anforderungen der Barrierefreiheit entsprechen.<\/li>\n<\/ul>\n\n<h4>Erstellung dieser Erkl\u00e4rung zur Barrierefreiheit<\/h4>\nDiese Erkl\u00e4rung wurde am 01\/10\/2025 erstellt.  \n\nDie Methode zur Erstellung war eine Selbsteinsch\u00e4tzung durch das Unternehmen.  \n\nLetzte \u00dcberpr\u00fcfung der Erkl\u00e4rung: 01\/10\/2025  \n\n<h4>Bemerkungen und Kontaktangaben<\/h4>\nSie k\u00f6nnen Mitteilungen zu Barrierefreiheitsanforderungen (Artikel 10.2.a des K\u00f6niglichen Dekrets 1112\/2018 vom 7. September) \u00fcbermitteln, wie zum Beispiel:  \n<ul>\n \t<li>Meldung eines m\u00f6glichen Versto\u00dfes auf dieser Website.<\/li>\n \t<li>\u00dcbermittlung von Schwierigkeiten beim Zugriff auf Inhalte.<\/li>\n \t<li>Stellung weiterer Fragen oder Verbesserungsvorschl\u00e4ge zur Barrierefreiheit dieser Website.<\/li>\n<\/ul>\n\n\u00dcber die folgenden Wege:  \n<ul>\n \t<li>E-Mail: <span class=\"blanc-space ng-binding\">lamasseriatorredelmar@gmail.com<\/span><\/li>\n \t<li>Telefon: <span class=\"blanc-space ng-binding\">664 85 68 47<\/span><\/li>\n<\/ul>\n\nGem\u00e4\u00df Artikel 10.2.b des RD 1112\/2018 k\u00f6nnen Sie auch einreichen:  \n<ul>\n \t<li>Eine Beschwerde bez\u00fcglich der Einhaltung der Anforderungen des RD 1112\/2018.<\/li>\n \t<li>Einen Antrag auf barrierefreie Informationen \u00fcber:\n<ul>\n \t<li>Inhalte, die gem\u00e4\u00df Artikel 3 Absatz 4 des RD 1112\/2018 vom Geltungsbereich ausgenommen sind.<\/li>\n \t<li>Inhalte, die aufgrund unverh\u00e4ltnism\u00e4\u00dfiger Belastung von der Erf\u00fcllung der Anforderungen ausgenommen sind.<\/li>\n<\/ul>\n<\/li>\n<\/ul>\n\nAntr\u00e4ge m\u00fcssen die Sachverhalte, Gr\u00fcnde und die klare Forderung enthalten, damit deren Angemessenheit gepr\u00fcft werden kann.  \n\nDie Mitteilungen werden von der Unternehmensleitung als verantwortlicher Stelle f\u00fcr die Inhalte dieser Website entgegengenommen und bearbeitet.  \n\n<h4>Optionale Inhalte<\/h4>\nDie aktuell sichtbare Version dieser Website ist vom 01\/10\/2025, an diesem Datum wurde der Stand der Barrierefreiheit \u00fcberpr\u00fcft.  \n\nSeitdem werden t\u00e4gliche Teilpr\u00fcfungen neuer oder ge\u00e4nderter Inhalte durchgef\u00fchrt, einschlie\u00dflich Vorlagen und final ver\u00f6ffentlichter Seiten und Dokumente, um die Einhaltung der Norm UNE-EN 301549:2022 sicherzustellen, unter Ber\u00fccksichtigung der Ausnahmen des K\u00f6niglichen Dekrets 1112\/2018.  \n\nZur Unterst\u00fctzung der Barrierefreiheit werden unter anderem folgende Ma\u00dfnahmen umgesetzt:  \n<ul>\n \t<li>Verwendung von Alternativtexten f\u00fcr Bilder.<\/li>\n \t<li>Links enthalten Hinweise auf ihre Funktion oder ihr Ziel.<\/li>\n \t<li>Einhaltung der W3C-Standards: XHTML 1.0, CSS 3.0, WAI AA.<\/li>\n<\/ul>\n\n<h4>Kompatibilit\u00e4t<\/h4>\nDie Website:  \n<ul>\n \t<li>wurde entsprechend den geltenden Standards und Vorschriften zur Barrierefreiheit gestaltet und erf\u00fcllt die Priorit\u00e4t-2-Pr\u00fcfpunkte (AA) gem\u00e4\u00df WCAG 2.1.<\/li>\n \t<li>ist f\u00fcr die neuesten Versionen von Chrome, Edge, Firefox, Safari und Opera optimiert.<\/li>\n \t<li>ist f\u00fcr die korrekte Anzeige auf allen Aufl\u00f6sungen und Ger\u00e4ten (Desktop, Tablet, Mobil) ausgelegt (responsives Design).<\/li>\n \t<li>wurde mit HTML5 als Markup-Sprache und CSS3 f\u00fcr das Design erstellt.<\/li>\n<\/ul>\n\nZus\u00e4tzlich wird kontinuierlich eine \u00dcberpr\u00fcfung und Aktualisierung der Inhalte durchgef\u00fchrt, um die Verst\u00e4ndlichkeit zu erleichtern und die Navigation auf der Website zu verbessern.  \n\n<\/div>\n<\/div>\n<\/div>\n<\/div>\n<\/header><\/div>\n<\/div>\n<\/div>\n\t\t\t\t\t\t\t\t<\/div>\n\t\t\t\t<\/div>\n\t\t\t\t\t<\/div>\n\t\t<\/div>\n\t\t\t\t\t<\/div>\n\t\t<\/section>\n\t\t\t\t<\/div>\n\t\t","protected":false},"excerpt":{"rendered":"<p>WILLKOMMEN IN DER MASSERIA Barrierefreiheitserkl\u00e4rung Entdecke unser men\u00fc lamasseria.es Erf\u00fcllungsstatus La Masseria (im Folgenden auch Website genannt) ist teilweise konform mit dem K\u00f6niglichen Dekret 1112\/2018 vom 7. September aufgrund der nachfolgend aufgef\u00fchrten Punkte. Nicht barrierefreie Inhalte Die nachfolgenden Inhalte sind aus folgenden Gr\u00fcnden nicht barrierefrei: a. Nichtkonformit\u00e4t mit dem RD 1112\/2018: Nicht zutreffend. 100 % [&hellip;]<\/p>\n","protected":false},"author":1,"featured_media":0,"parent":0,"menu_order":0,"comment_status":"closed","ping_status":"closed","template":"","meta":{"_joinchat":[],"footnotes":""},"class_list":["post-3510","page","type-page","status-publish","hentry"],"_links":{"self":[{"href":"https:\/\/lamasseria.es\/de\/wp-json\/wp\/v2\/pages\/3510","targetHints":{"allow":["GET"]}}],"collection":[{"href":"https:\/\/lamasseria.es\/de\/wp-json\/wp\/v2\/pages"}],"about":[{"href":"https:\/\/lamasseria.es\/de\/wp-json\/wp\/v2\/types\/page"}],"author":[{"embeddable":true,"href":"https:\/\/lamasseria.es\/de\/wp-json\/wp\/v2\/users\/1"}],"replies":[{"embeddable":true,"href":"https:\/\/lamasseria.es\/de\/wp-json\/wp\/v2\/comments?post=3510"}],"version-history":[{"count":5,"href":"https:\/\/lamasseria.es\/de\/wp-json\/wp\/v2\/pages\/3510\/revisions"}],"predecessor-version":[{"id":3515,"href":"https:\/\/lamasseria.es\/de\/wp-json\/wp\/v2\/pages\/3510\/revisions\/3515"}],"wp:attachment":[{"href":"https:\/\/lamasseria.es\/de\/wp-json\/wp\/v2\/media?parent=3510"}],"curies":[{"name":"wp","href":"https:\/\/api.w.org\/{rel}","templated":true}]}}