{"id":3502,"date":"2025-10-01T11:53:09","date_gmt":"2025-10-01T09:53:09","guid":{"rendered":"https:\/\/lamasseria.es\/aviso-legal\/"},"modified":"2025-10-02T23:57:49","modified_gmt":"2025-10-02T21:57:49","slug":"impressum","status":"publish","type":"page","link":"https:\/\/lamasseria.es\/de\/impressum\/","title":{"rendered":"Impressum"},"content":{"rendered":"\t\t<div data-elementor-type=\"wp-post\" data-elementor-id=\"3502\" class=\"elementor elementor-3502 elementor-2942\" data-elementor-post-type=\"page\">\n\t\t\t\t\t\t<section class=\"elementor-section elementor-top-section elementor-element elementor-element-3a3dbfdc elementor-section-height-min-height elementor-section-boxed elementor-section-height-default elementor-section-items-middle\" data-id=\"3a3dbfdc\" data-element_type=\"section\" data-e-type=\"section\" data-settings=\"{&quot;background_background&quot;:&quot;classic&quot;}\">\n\t\t\t\t\t\t\t<div class=\"elementor-background-overlay\"><\/div>\n\t\t\t\t\t\t\t<div class=\"elementor-container elementor-column-gap-no\">\n\t\t\t\t\t<div class=\"elementor-column elementor-col-100 elementor-top-column elementor-element elementor-element-4c5df985\" data-id=\"4c5df985\" data-element_type=\"column\" data-e-type=\"column\" data-settings=\"{&quot;background_background&quot;:&quot;classic&quot;}\">\n\t\t\t<div class=\"elementor-widget-wrap elementor-element-populated\">\n\t\t\t\t\t<div class=\"elementor-background-overlay\"><\/div>\n\t\t\t\t\t\t<div class=\"elementor-element elementor-element-183d769c elementor-widget elementor-widget-heading\" data-id=\"183d769c\" data-element_type=\"widget\" data-e-type=\"widget\" data-widget_type=\"heading.default\">\n\t\t\t\t<div class=\"elementor-widget-container\">\n\t\t\t\t\t<h5 class=\"elementor-heading-title elementor-size-default\">WILLKOMMEN IN DER MASSERIA<\/h5>\t\t\t\t<\/div>\n\t\t\t\t<\/div>\n\t\t\t\t<div class=\"elementor-element elementor-element-32902457 elementor-widget elementor-widget-heading\" data-id=\"32902457\" data-element_type=\"widget\" data-e-type=\"widget\" data-widget_type=\"heading.default\">\n\t\t\t\t<div class=\"elementor-widget-container\">\n\t\t\t\t\t<h1 class=\"elementor-heading-title elementor-size-default\">Impressum<\/h1>\t\t\t\t<\/div>\n\t\t\t\t<\/div>\n\t\t\t\t<div class=\"elementor-element elementor-element-539c885 elementor-align-center elementor-widget elementor-widget-button\" data-id=\"539c885\" data-element_type=\"widget\" data-e-type=\"widget\" data-widget_type=\"button.default\">\n\t\t\t\t<div class=\"elementor-widget-container\">\n\t\t\t\t\t\t\t\t\t<div class=\"elementor-button-wrapper\">\n\t\t\t\t\t<a class=\"elementor-button elementor-button-link elementor-size-sm\" href=\"https:\/\/r.qamarero.com\/restaurante-la-masseria?mode=LOCAL\" target=\"_blank\" rel=\"noopener\">\n\t\t\t\t\t\t<span class=\"elementor-button-content-wrapper\">\n\t\t\t\t\t\t\t\t\t<span class=\"elementor-button-text\">Entdecke unser men\u00fc<\/span>\n\t\t\t\t\t<\/span>\n\t\t\t\t\t<\/a>\n\t\t\t\t<\/div>\n\t\t\t\t\t\t\t\t<\/div>\n\t\t\t\t<\/div>\n\t\t\t\t\t<\/div>\n\t\t<\/div>\n\t\t\t\t\t<\/div>\n\t\t<\/section>\n\t\t\t\t<section class=\"elementor-section elementor-top-section elementor-element elementor-element-166f2816 elementor-section-boxed elementor-section-height-default elementor-section-height-default\" data-id=\"166f2816\" data-element_type=\"section\" data-e-type=\"section\" data-settings=\"{&quot;background_background&quot;:&quot;classic&quot;}\">\n\t\t\t\t\t\t<div class=\"elementor-container elementor-column-gap-no\">\n\t\t\t\t\t<div class=\"elementor-column elementor-col-100 elementor-top-column elementor-element elementor-element-31e3d142\" data-id=\"31e3d142\" data-element_type=\"column\" data-e-type=\"column\">\n\t\t\t<div class=\"elementor-widget-wrap elementor-element-populated\">\n\t\t\t\t\t\t<div class=\"elementor-element elementor-element-1d32aa6c elementor-widget elementor-widget-spacer\" data-id=\"1d32aa6c\" data-element_type=\"widget\" data-e-type=\"widget\" data-widget_type=\"spacer.default\">\n\t\t\t\t<div class=\"elementor-widget-container\">\n\t\t\t\t\t\t\t<div class=\"elementor-spacer\">\n\t\t\t<div class=\"elementor-spacer-inner\"><\/div>\n\t\t<\/div>\n\t\t\t\t\t\t<\/div>\n\t\t\t\t<\/div>\n\t\t\t\t\t<\/div>\n\t\t<\/div>\n\t\t\t\t\t<\/div>\n\t\t<\/section>\n\t\t\t\t<section class=\"elementor-section elementor-top-section elementor-element elementor-element-a93b929 elementor-section-boxed elementor-section-height-default elementor-section-height-default\" data-id=\"a93b929\" data-element_type=\"section\" data-e-type=\"section\">\n\t\t\t\t\t\t<div class=\"elementor-container elementor-column-gap-default\">\n\t\t\t\t\t<div class=\"elementor-column elementor-col-100 elementor-top-column elementor-element elementor-element-dbf3087\" data-id=\"dbf3087\" data-element_type=\"column\" data-e-type=\"column\">\n\t\t\t<div class=\"elementor-widget-wrap elementor-element-populated\">\n\t\t\t\t\t\t<div class=\"elementor-element elementor-element-e951a93 elementor-widget elementor-widget-text-editor\" data-id=\"e951a93\" data-element_type=\"widget\" data-e-type=\"widget\" data-widget_type=\"text-editor.default\">\n\t\t\t\t<div class=\"elementor-widget-container\">\n\t\t\t\t\t\t\t\t\t<div class=\"row\">\n<div class=\"col col-xl-10 mx-auto\">\n<div class=\"paper\"><header class=\"text-center\">\n<h4><span class=\"blanc-space ng-binding\">lamasseria.es<\/span><\/h4>\n<\/header>\n<div>\n<h3>I. ALLGEMEINE INFORMATIONEN<\/h3>\nIn Erf\u00fcllung der Informationspflicht gem\u00e4\u00df dem Gesetz 34\/2002 \u00fcber Dienste der Informationsgesellschaft und des elektronischen Gesch\u00e4ftsverkehrs (LSSI-CE) vom 11. Juli werden nachfolgend die allgemeinen Daten dieser Website bereitgestellt:\n\nDer Inhaber dieser Website, <span class=\"blanc-space ng-binding\">lamasseria.es<\/span>, (im Folgenden, die Website) ist: <span class=\"blanc-space ng-binding\">Victor Manuel Palacio L\u00f3pez<\/span>, mit NIF: <span class=\"blanc-space ng-binding\">52585439X<\/span>, und dessen Kontaktdaten lauten:\nAdresse: <span class=\"blanc-space ng-binding\">Paseo Mar\u00edtimo de Pte., 46, 29740 Torre del Mar, M\u00e1laga<\/span>\n\nKontakttelefon: <span class=\"blanc-space ng-binding\">664 85 68 47<\/span>\nE-Mail: <span class=\"blanc-space ng-binding\">lamasseriatorredelmar@gmail.com<\/span>\n\n<h3>II. ALLGEMEINE NUTZUNGSBEDINGUNGEN<\/h3>\n<h4>Gegenstand der Bedingungen: Die Website<\/h4>\nDer Zweck dieser Allgemeinen Nutzungsbedingungen (im Folgenden Bedingungen) ist die Regelung des Zugangs und der Nutzung der Website. Unter Website versteht man: das \u00e4u\u00dfere Erscheinungsbild der Benutzeroberfl\u00e4chen, sowohl statisch als auch dynamisch, d.h. die Navigationsstruktur, und alle darin enthaltenen Elemente (im Folgenden Inhalte) sowie alle Online-Dienste oder -Ressourcen, die den Nutzern gegebenenfalls zur Verf\u00fcgung gestellt werden (im Folgenden Dienste).\n\n<span class=\"blanc-space ng-binding\">La Masseria<\/span> beh\u00e4lt sich das Recht vor, jederzeit und ohne vorherige Ank\u00fcndigung die Pr\u00e4sentation und Konfiguration der Website sowie deren Inhalte und Dienste zu \u00e4ndern. Der Nutzer erkennt an und akzeptiert, dass <span class=\"blanc-space ng-binding\">La Masseria<\/span> jederzeit diese Elemente deaktivieren, unterbrechen oder deren Zugriff sperren kann.\n\nDer Zugang zur Website ist grunds\u00e4tzlich frei und kostenlos, ohne dass der Nutzer eine Gegenleistung erbringen muss, au\u00dfer den Kosten der Internetverbindung \u00fcber den Telekommunikationsanbieter, mit dem der Nutzer einen Vertrag abgeschlossen hat.\n\n<h4>Der Nutzer<\/h4>\nDer Zugang, die Navigation und die Nutzung der Website sowie die Interaktionen zwischen den Nutzern und <span class=\"blanc-space ng-binding\">La Masseria<\/span>, wie Kommentare oder Blogging-Bereiche, verleihen den Status eines Nutzers, wodurch alle hierin festgelegten Bedingungen akzeptiert werden. \u00c4nderungen daran gelten ebenso als akzeptiert. Der Nutzer wird aufgefordert, diese Bedingungen bei jedem Besuch erneut zu lesen.\n\nDie Website stellt Informationen, Dienste und Daten bereit. Der Nutzer verpflichtet sich zu einer korrekten Nutzung. Dies umfasst:\n<ul>\n \t<li>Die Nutzung von Informationen, Inhalten und\/oder Diensten der Website in \u00dcbereinstimmung mit diesen Bedingungen, dem Gesetz, der Moral und der \u00f6ffentlichen Ordnung und ohne Verletzung der Rechte Dritter oder der Funktionsweise der Website.<\/li>\n \t<li>Die Richtigkeit und Rechtm\u00e4\u00dfigkeit der vom Nutzer in Formularen angegebenen Daten. Der Nutzer verpflichtet sich, <span class=\"blanc-space ng-binding\">La Masseria<\/span> unverz\u00fcglich \u00fcber jede missbr\u00e4uchliche Nutzung seiner Daten (Diebstahl, Verlust, unbefugter Zugriff) zu informieren, um deren L\u00f6schung zu veranlassen.<\/li>\n<\/ul>\n\n<span class=\"blanc-space ng-binding\">La Masseria<\/span> beh\u00e4lt sich das Recht vor, Kommentare und Inhalte zu entfernen, die gegen das Gesetz, die Menschenw\u00fcrde, nicht jugendfrei oder diskriminierend sind, Spamming darstellen oder in sonstiger Weise ungeeignet erscheinen.  \n\nIn jedem Fall \u00fcbernimmt <span class=\"blanc-space ng-binding\">La Masseria<\/span> keine Verantwortung f\u00fcr die von Nutzern ge\u00e4u\u00dferten Meinungen.  \n\nDer reine Zugang zur Website begr\u00fcndet keine gesch\u00e4ftliche Beziehung.  \n\nDer Nutzer erkl\u00e4rt, vollj\u00e4hrig und rechtsf\u00e4hig zu sein. Die Website richtet sich daher nicht an Minderj\u00e4hrige. <span class=\"blanc-space ng-binding\">La Masseria<\/span> \u00fcbernimmt keine Verantwortung, wenn diese Bedingung nicht erf\u00fcllt wird.  \n\nDie Website richtet sich haupts\u00e4chlich an Nutzer mit Wohnsitz in <span class=\"blanc-space ng-binding\">Spanien<\/span>. <span class=\"blanc-space ng-binding\">La Masseria<\/span> \u00fcbernimmt keine Garantie, dass die Website in anderen L\u00e4ndern im Einklang mit deren Gesetzen steht. Der Zugriff aus anderen L\u00e4ndern erfolgt in eigener Verantwortung.  \n\n<h3>III. ZUGANG UND NAVIGATION AUF DER WEBSITE: HAFTUNGSAUSSCHLUSS<\/h3>\n<span class=\"blanc-space ng-binding\">La Masseria<\/span> garantiert nicht die Kontinuit\u00e4t oder Fehlerfreiheit der Website, ihrer Inhalte oder Dienste. <span class=\"blanc-space ng-binding\">La Masseria<\/span> bem\u00fcht sich um den ordnungsgem\u00e4\u00dfen Betrieb, \u00fcbernimmt jedoch keine Verantwortung f\u00fcr Unterbrechungen, Fehler oder Sch\u00e4den an Hard- oder Software des Nutzers durch den Zugriff auf die Website.  \n\n<h3>IV. LINK-POLITIK<\/h3>\nDie Website kann Links, Banner, Buttons, Verzeichnisse und Suchmaschinen enthalten, die den Zugang zu Websites Dritter erm\u00f6glichen. Diese dienen ausschlie\u00dflich zur Erleichterung des Zugriffs auf Informationen im Internet und stellen keine Empfehlung dar.  \n\n<span class=\"blanc-space ng-binding\">La Masseria<\/span> \u00fcbernimmt keine Verantwortung f\u00fcr die Richtigkeit, Qualit\u00e4t oder Legalit\u00e4t dieser fremden Websites.  \n\n<h3>V. GEWERBLICHE UND GEISTIGE SCHUTZRECHTE<\/h3>\n<span class=\"blanc-space ng-binding\">La Masseria<\/span> ist Inhaberin aller geistigen und gewerblichen Eigentumsrechte der Website sowie deren Elemente (Bilder, Audio, Video, Software, Texte, Marken, Logos, Designs usw.).  \n\nJegliche Reproduktion, Verbreitung oder \u00f6ffentliche Wiedergabe ist ohne ausdr\u00fcckliche Genehmigung von <span class=\"blanc-space ng-binding\">La Masseria<\/span> verboten. Der Nutzer darf Inhalte lediglich f\u00fcr den privaten Gebrauch ansehen, ausdrucken oder speichern, ohne Schutzma\u00dfnahmen zu entfernen oder zu manipulieren.  \n\nIm Falle einer vermuteten Verletzung von Rechten des geistigen Eigentums ist <span class=\"blanc-space ng-binding\">La Masseria<\/span> umgehend zu benachrichtigen.  \n\n<h3>VI. RECHTSWAHL UND GERICHTSSTAND<\/h3>\n<span class=\"blanc-space ng-binding\">La Masseria<\/span> beh\u00e4lt sich vor, zivil- oder strafrechtliche Schritte bei missbr\u00e4uchlicher Nutzung der Website einzuleiten.  \n\nDie Beziehung zwischen Nutzer und <span class=\"blanc-space ng-binding\">La Masseria<\/span> unterliegt dem geltenden spanischen Recht. Streitigkeiten werden den zust\u00e4ndigen Gerichten nach spanischem Recht vorgelegt.  \n\n<\/div>\n<\/div>\n<\/div>\n<\/div>\n\t\t\t\t\t\t\t\t<\/div>\n\t\t\t\t<\/div>\n\t\t\t\t\t<\/div>\n\t\t<\/div>\n\t\t\t\t\t<\/div>\n\t\t<\/section>\n\t\t\t\t<\/div>\n\t\t","protected":false},"excerpt":{"rendered":"<p>WILLKOMMEN IN DER MASSERIA Impressum Entdecke unser men\u00fc lamasseria.es I. ALLGEMEINE INFORMATIONEN In Erf\u00fcllung der Informationspflicht gem\u00e4\u00df dem Gesetz 34\/2002 \u00fcber Dienste der Informationsgesellschaft und des elektronischen Gesch\u00e4ftsverkehrs (LSSI-CE) vom 11. Juli werden nachfolgend die allgemeinen Daten dieser Website bereitgestellt: Der Inhaber dieser Website, lamasseria.es, (im Folgenden, die Website) ist: Victor Manuel Palacio L\u00f3pez, mit [&hellip;]<\/p>\n","protected":false},"author":1,"featured_media":0,"parent":0,"menu_order":0,"comment_status":"closed","ping_status":"closed","template":"","meta":{"_joinchat":[],"footnotes":""},"class_list":["post-3502","page","type-page","status-publish","hentry"],"_links":{"self":[{"href":"https:\/\/lamasseria.es\/de\/wp-json\/wp\/v2\/pages\/3502","targetHints":{"allow":["GET"]}}],"collection":[{"href":"https:\/\/lamasseria.es\/de\/wp-json\/wp\/v2\/pages"}],"about":[{"href":"https:\/\/lamasseria.es\/de\/wp-json\/wp\/v2\/types\/page"}],"author":[{"embeddable":true,"href":"https:\/\/lamasseria.es\/de\/wp-json\/wp\/v2\/users\/1"}],"replies":[{"embeddable":true,"href":"https:\/\/lamasseria.es\/de\/wp-json\/wp\/v2\/comments?post=3502"}],"version-history":[{"count":5,"href":"https:\/\/lamasseria.es\/de\/wp-json\/wp\/v2\/pages\/3502\/revisions"}],"predecessor-version":[{"id":3508,"href":"https:\/\/lamasseria.es\/de\/wp-json\/wp\/v2\/pages\/3502\/revisions\/3508"}],"wp:attachment":[{"href":"https:\/\/lamasseria.es\/de\/wp-json\/wp\/v2\/media?parent=3502"}],"curies":[{"name":"wp","href":"https:\/\/api.w.org\/{rel}","templated":true}]}}